{"id":10,"date":"2020-07-03T13:39:50","date_gmt":"2020-07-03T16:39:50","guid":{"rendered":"http:\/\/localhost\/teatrodadidascalia\/?page_id=10"},"modified":"2022-09-02T11:38:35","modified_gmt":"2022-09-02T10:38:35","slug":"fauna","status":"publish","type":"page","link":"https:\/\/teatrodadidascalia.com\/en\/fauna\/","title":{"rendered":"fAUNA"},"content":{"rendered":"<p>Chamamos-lhe assim, fAUNA, ao nosso novo espa\u00e7o de cria\u00e7\u00e3o e programa\u00e7\u00e3o art\u00edstica inserido na Quinta da Bemposta, na freguesia de Joane, que passa agora a ser o centro gravitacional da produ\u00e7\u00e3o e programa\u00e7\u00e3o art\u00edstica do Teatro da Didasc\u00e1lia.<\/p>\n<p>Afirmando-se como um espa\u00e7o de frui\u00e7\u00e3o art\u00edstica alternativo, o contexto espacial e sociocultural do fAUNA permite o desenvolvimento de um di\u00e1logo \u00edntimo com o espectador, potenciando uma experi\u00eancia de contempla\u00e7\u00e3o desacelerada da arte, feita com o tempo de outros tempos, que j\u00e1 n\u00e3o \u00e9 o nosso, mas que haver\u00e1 necessidade de recuperar.<\/p>\n<p><span style=\"text-decoration: underline;\">fAUNA\u00a0&#8211; habitat de cria\u00e7\u00e3o<\/span><\/p>\n<p>O fAUNA, espa\u00e7o de cria\u00e7\u00e3o e programa\u00e7\u00e3o art\u00edstica inserido na Quinta da Bemposta, na freguesia de Joane, concelho de Vila Nova de Famalic\u00e3o, \u00e9 desde 2018, o centro gravitacional do Teatro da Didasc\u00e1lia e o cord\u00e3o umbilical de contacto entre esta estrutura e o territ\u00f3rio.<\/p>\n<p>\u00c9 neste contexto que desenvolvemos agora um programa de resid\u00eancias<br \/>\nart\u00edsticas, fAUNA \u2013 habitat de cria\u00e7\u00e3o, que se divide em tr\u00eas subprogramas espec\u00edficos: Criadores de Esp\u00e9cie Aut\u00f3ctone, Criadores de Esp\u00e9cie Ex\u00f3tica e Germinador. Cada um destes subprogramas foi concebido para dar resposta \u00e0s diferentes fases de matura\u00e7\u00e3o das obras art\u00edsticas dos candidatos, estabelecendo diferentes per\u00edodos de cria\u00e7\u00e3o em resid\u00eancia que variam entre 1 e as 2 semanas.<\/p>\n<p>O programa de resid\u00eancias art\u00edsticas, fAUNA | habitat de cria\u00e7\u00e3o, visa apoiar projetos art\u00edsticos nas \u00e1reas das artes performativas, m\u00fasica e projetos de cruzamentos disciplinares, dirigidos a criadores residentes em portugal, atrav\u00e9s dos seguintes subprogramas:<\/p>\n<p>Criadores de Esp\u00e9cie Aut\u00f3ctone: dirigido a criadores com liga\u00e7\u00e3o ao territ\u00f3rio de Vila Nova de Famalic\u00e3o, capazes de comprovar a sua rela\u00e7\u00e3o com o concelho pela sua naturalidade, pelo seu percurso formativo ou profissional. O objetivo deste programa espec\u00edfico para criadores \u201caut\u00f3ctones\u201d \u00e9 dar resposta ao crescente n\u00famero de artistas que se t\u00eam formado ou iniciado a sua forma\u00e7\u00e3o nas diversas escolas art\u00edsticas que t\u00eam emergido no territ\u00f3rio, desde as artes performativas \u00e0 m\u00fasica.<\/p>\n<p>Criadores<br \/>\nde Esp\u00e9cie Ex\u00f3tica: aberto a criadores de todo o pa\u00eds. Desenvolvemos este programa com o objetivo de estimular a cria\u00e7\u00e3o dos artistas residentes em Portugal, facilitando o acesso ao espa\u00e7o laboratorial necess\u00e1rio para as fases de experimenta\u00e7\u00e3o ou matura\u00e7\u00e3o das suas obras.<\/p>\n<p>Germinador: \u00e9 um programa que visa proporcionar as condi\u00e7\u00f5es necess\u00e1rias para que os artistas tenham a possibilidade<br \/>\nde testar e colocar em pr\u00e1tica os seus impulsos, epifanias criativas e ideias ainda muito embrion\u00e1rias.<\/p>\n","protected":false},"excerpt":{"rendered":"<p>Chamamos-lhe assim, fAUNA, ao nosso novo espa\u00e7o de cria\u00e7\u00e3o e programa\u00e7\u00e3o art\u00edstica inserido na Quinta da Bemposta, na freguesia de Joane, que passa agora a ser o centro gravitacional da produ\u00e7\u00e3o e programa\u00e7\u00e3o art\u00edstica do Teatro da Didasc\u00e1lia. Afirmando-se como um espa\u00e7o de frui\u00e7\u00e3o art\u00edstica alternativo, o contexto espacial e sociocultural do fAUNA permite o [&hellip;]<\/p>\n","protected":false},"author":1,"featured_media":0,"parent":0,"menu_order":0,"comment_status":"closed","ping_status":"closed","template":"page-fauna.php","meta":{"footnotes":""},"class_list":["post-10","page","type-page","status-publish","hentry"],"_links":{"self":[{"href":"https:\/\/teatrodadidascalia.com\/en\/wp-json\/wp\/v2\/pages\/10"}],"collection":[{"href":"https:\/\/teatrodadidascalia.com\/en\/wp-json\/wp\/v2\/pages"}],"about":[{"href":"https:\/\/teatrodadidascalia.com\/en\/wp-json\/wp\/v2\/types\/page"}],"author":[{"embeddable":true,"href":"https:\/\/teatrodadidascalia.com\/en\/wp-json\/wp\/v2\/users\/1"}],"replies":[{"embeddable":true,"href":"https:\/\/teatrodadidascalia.com\/en\/wp-json\/wp\/v2\/comments?post=10"}],"version-history":[{"count":6,"href":"https:\/\/teatrodadidascalia.com\/en\/wp-json\/wp\/v2\/pages\/10\/revisions"}],"predecessor-version":[{"id":1674,"href":"https:\/\/teatrodadidascalia.com\/en\/wp-json\/wp\/v2\/pages\/10\/revisions\/1674"}],"wp:attachment":[{"href":"https:\/\/teatrodadidascalia.com\/en\/wp-json\/wp\/v2\/media?parent=10"}],"curies":[{"name":"wp","href":"https:\/\/api.w.org\/{rel}","templated":true}]}}