{"id":54,"date":"2020-07-06T18:34:12","date_gmt":"2020-07-06T21:34:12","guid":{"rendered":"http:\/\/localhost\/teatrodadidascalia\/?page_id=54"},"modified":"2025-06-23T14:54:11","modified_gmt":"2025-06-23T13:54:11","slug":"sobre-nos","status":"publish","type":"page","link":"https:\/\/teatrodadidascalia.com\/en\/sobre-nos\/","title":{"rendered":"Sobre n\u00f3s"},"content":{"rendered":"<p>Teatro da Didasc\u00e1lia is a cultural cooperative founded in 2008 and headquartered in Joane, Vila Nova de Famalic\u00e3o. Its activity unfolds between the creation of transdisciplinary artistic projects and the programming and hosting of other artistic projects: in its space of creation and programming, <\/span><b>fAUNA<\/b><span style=\"font-weight: 400;\">, in the meeting <\/span><b>Territ\u00f3rios Dram\u00e1ticos<\/b><span style=\"font-weight: 400;\">, and in the <\/span><b>Vaudeville Rendez-Vous International Festival<\/b><span style=\"font-weight: 400;\">, which takes place in the cities of Barcelos, Braga, Guimar\u00e3es and Vila Nova de Famalic\u00e3o.<\/span><\/p>\n<p><span style=\"font-weight: 400;\">Its transdisciplinary intervention is designed to be develop between the public and the conventional space, in a logic of deep relationship with the particular socio-cultural dynamics of the territories where it intervenes, with a special focus on the Vale do Ave region, aiming to contribute to the development of audiences in the region and, simultaneously, to strengthen the cohesion of that territory.<\/span><\/p>\n<p><span style=\"font-weight: 400;\">The artistic project cooperates institutionally with autarchies, artistic, social and educational institutions, located in the territories where it operates, in a strategy of socio-educational help and approximation to the arts, namely through its own <strong>Mediation Program<\/strong>.<\/span><\/p>\n<p><span style=\"font-weight: 400;\">Teatro da Didasc\u00e1lia is an entity financed by the Directorate-General for the Arts &#8211; Ministry of Culture and its main partner agency is the Municipality of Vila Nova de Famalic\u00e3o.<\/span><\/p>","protected":false},"excerpt":{"rendered":"<p>Teatro da Didasc\u00e1lia is a cultural cooperative founded in 2008 and headquartered in Joane, Vila Nova de Famalic\u00e3o. Its activity unfolds between the creation of transdisciplinary artistic projects and the programming and hosting of other artistic projects: in its space of creation and programming, fAUNA, in the meeting Territ\u00f3rios Dram\u00e1ticos, and in the Vaudeville Rendez-Vous [&hellip;]<\/p>\n","protected":false},"author":1,"featured_media":0,"parent":0,"menu_order":0,"comment_status":"closed","ping_status":"closed","template":"page-sobre.php","meta":{"footnotes":""},"class_list":["post-54","page","type-page","status-publish","hentry"],"_links":{"self":[{"href":"https:\/\/teatrodadidascalia.com\/en\/wp-json\/wp\/v2\/pages\/54"}],"collection":[{"href":"https:\/\/teatrodadidascalia.com\/en\/wp-json\/wp\/v2\/pages"}],"about":[{"href":"https:\/\/teatrodadidascalia.com\/en\/wp-json\/wp\/v2\/types\/page"}],"author":[{"embeddable":true,"href":"https:\/\/teatrodadidascalia.com\/en\/wp-json\/wp\/v2\/users\/1"}],"replies":[{"embeddable":true,"href":"https:\/\/teatrodadidascalia.com\/en\/wp-json\/wp\/v2\/comments?post=54"}],"version-history":[{"count":8,"href":"https:\/\/teatrodadidascalia.com\/en\/wp-json\/wp\/v2\/pages\/54\/revisions"}],"predecessor-version":[{"id":1223,"href":"https:\/\/teatrodadidascalia.com\/en\/wp-json\/wp\/v2\/pages\/54\/revisions\/1223"}],"wp:attachment":[{"href":"https:\/\/teatrodadidascalia.com\/en\/wp-json\/wp\/v2\/media?parent=54"}],"curies":[{"name":"wp","href":"https:\/\/api.w.org\/{rel}","templated":true}]}}